{"id":32834,"date":"2024-12-23T11:05:29","date_gmt":"2024-12-23T10:05:29","guid":{"rendered":"https:\/\/casaroset.com\/?page_id=32834"},"modified":"2025-01-27T11:15:07","modified_gmt":"2025-01-27T10:15:07","slug":"blog","status":"publish","type":"page","link":"https:\/\/casaroset.com\/es\/blog\/","title":{"rendered":"Blog"},"content":{"rendered":"<div data-elementor-type=\"wp-page\" data-elementor-id=\"32834\" class=\"elementor elementor-32834\" data-elementor-post-type=\"page\">\n\t\t\t\t<div class=\"elementor-element elementor-element-66c7843 e-con-full e-flex e-con e-parent\" data-id=\"66c7843\" data-element_type=\"container\" data-e-type=\"container\" data-settings=\"{&quot;background_background&quot;:&quot;classic&quot;}\">\n\t\t\t\t<div class=\"elementor-element elementor-element-9eb53f5 elementor-widget__width-initial elementor-widget elementor-widget-heading\" data-id=\"9eb53f5\" data-element_type=\"widget\" data-e-type=\"widget\" data-widget_type=\"heading.default\">\n\t\t\t\t<div class=\"elementor-widget-container\">\n\t\t\t\t\t<h1 class=\"elementor-heading-title elementor-size-default\">Blog<\/h1>\t\t\t\t<\/div>\n\t\t\t\t<\/div>\n\t\t\t\t<\/div>\n\t\t<div class=\"elementor-element elementor-element-a28798a e-flex e-con-boxed e-con e-parent\" data-id=\"a28798a\" data-element_type=\"container\" data-e-type=\"container\" data-settings=\"{&quot;background_background&quot;:&quot;classic&quot;}\">\n\t\t\t\t\t<div class=\"e-con-inner\">\n\t\t\t\t<div class=\"elementor-element elementor-element-1af62ad elementor-grid-3 elementor-grid-tablet-2 elementor-grid-mobile-1 elementor-posts--thumbnail-top elementor-widget elementor-widget-posts\" data-id=\"1af62ad\" data-element_type=\"widget\" data-e-type=\"widget\" data-settings=\"{&quot;classic_row_gap&quot;:{&quot;unit&quot;:&quot;px&quot;,&quot;size&quot;:50,&quot;sizes&quot;:[]},&quot;classic_row_gap_mobile&quot;:{&quot;unit&quot;:&quot;px&quot;,&quot;size&quot;:60,&quot;sizes&quot;:[]},&quot;pagination_type&quot;:&quot;numbers&quot;,&quot;classic_columns&quot;:&quot;3&quot;,&quot;classic_columns_tablet&quot;:&quot;2&quot;,&quot;classic_columns_mobile&quot;:&quot;1&quot;,&quot;classic_row_gap_tablet&quot;:{&quot;unit&quot;:&quot;px&quot;,&quot;size&quot;:&quot;&quot;,&quot;sizes&quot;:[]}}\" data-widget_type=\"posts.classic\">\n\t\t\t\t<div class=\"elementor-widget-container\">\n\t\t\t\t\t\t\t<div class=\"elementor-posts-container elementor-posts elementor-posts--skin-classic elementor-grid\">\n\t\t\t\t<article class=\"elementor-post elementor-grid-item post-32897 post type-post status-publish format-standard has-post-thumbnail hentry category-uncategorized-ca\">\n\t\t\t\t<a class=\"elementor-post__thumbnail__link\" href=\"https:\/\/casaroset.com\/es\/todo-sobre-la-osmosis-para-tu-casa\/\" tabindex=\"-1\" >\n\t\t\t<div class=\"elementor-post__thumbnail\"><img fetchpriority=\"high\" decoding=\"async\" width=\"300\" height=\"200\" src=\"https:\/\/casaroset.com\/wp-content\/uploads\/2025\/01\/osmosis-en-casa-1-300x200.jpg\" class=\"attachment-medium size-medium wp-image-32898\" alt=\"\u00f3smosis en casa\" srcset=\"https:\/\/casaroset.com\/wp-content\/uploads\/2025\/01\/osmosis-en-casa-1-300x200.jpg 300w, https:\/\/casaroset.com\/wp-content\/uploads\/2025\/01\/osmosis-en-casa-1-768x512.jpg 768w, https:\/\/casaroset.com\/wp-content\/uploads\/2025\/01\/osmosis-en-casa-1-18x12.jpg 18w, https:\/\/casaroset.com\/wp-content\/uploads\/2025\/01\/osmosis-en-casa-1.jpg 900w\" sizes=\"(max-width: 300px) 100vw, 300px\" \/><\/div>\n\t\t<\/a>\n\t\t\t\t<div class=\"elementor-post__text\">\n\t\t\t\t<h2 class=\"elementor-post__title\">\n\t\t\t<a href=\"https:\/\/casaroset.com\/es\/todo-sobre-la-osmosis-para-tu-casa\/\" >\n\t\t\t\tTodo sobre la Osmosis para ti Casa\t\t\t<\/a>\n\t\t<\/h2>\n\t\t\t\t<div class=\"elementor-post__excerpt\">\n\t\t\t<p>\u00bfSab\u00edas que el agua que consumas en tu hogar puede estar llena de impurezas que afectan tanto al sabor como a la salud? Si alguna vez has notado un sabor raro o has tenido dudas sobre la calidad del agua que usas para cocinar o beber, es hora de considerar<\/p>\n\t\t<\/div>\n\t\t\n\t\t<a class=\"elementor-post__read-more\" href=\"https:\/\/casaroset.com\/es\/todo-sobre-la-osmosis-para-tu-casa\/\" aria-label=\"M\u00e1s informaci\u00f3n sobre Todo sobre la Osmosis para ti Casa\" tabindex=\"-1\" >\n\t\t\t Leer m\u00e1s \u00bb\t\t<\/a>\n\n\t\t\t\t<\/div>\n\t\t\t\t<\/article>\n\t\t\t\t<article class=\"elementor-post elementor-grid-item post-32884 post type-post status-publish format-standard has-post-thumbnail hentry category-uncategorized-ca\">\n\t\t\t\t<a class=\"elementor-post__thumbnail__link\" href=\"https:\/\/casaroset.com\/es\/como-instalar-un-cargador-de-coche-electrico\/\" tabindex=\"-1\" >\n\t\t\t<div class=\"elementor-post__thumbnail\"><img decoding=\"async\" width=\"300\" height=\"200\" data-src=\"https:\/\/casaroset.com\/wp-content\/uploads\/2025\/01\/cargador-de-coche-electrico-300x200.jpg\" class=\"attachment-medium size-medium wp-image-32894 lazyload\" alt=\"cargador de coche el\u00e9ctrico\" data-srcset=\"https:\/\/casaroset.com\/wp-content\/uploads\/2025\/01\/cargador-de-coche-electrico-300x200.jpg 300w, https:\/\/casaroset.com\/wp-content\/uploads\/2025\/01\/cargador-de-coche-electrico-768x512.jpg 768w, https:\/\/casaroset.com\/wp-content\/uploads\/2025\/01\/cargador-de-coche-electrico-18x12.jpg 18w, https:\/\/casaroset.com\/wp-content\/uploads\/2025\/01\/cargador-de-coche-electrico.jpg 900w\" data-sizes=\"(max-width: 300px) 100vw, 300px\" src=\"data:image\/svg+xml;base64,PHN2ZyB3aWR0aD0iMSIgaGVpZ2h0PSIxIiB4bWxucz0iaHR0cDovL3d3dy53My5vcmcvMjAwMC9zdmciPjwvc3ZnPg==\" style=\"--smush-placeholder-width: 300px; --smush-placeholder-aspect-ratio: 300\/200;\" \/><\/div>\n\t\t<\/a>\n\t\t\t\t<div class=\"elementor-post__text\">\n\t\t\t\t<h2 class=\"elementor-post__title\">\n\t\t\t<a href=\"https:\/\/casaroset.com\/es\/como-instalar-un-cargador-de-coche-electrico\/\" >\n\t\t\t\t\u00bfC\u00f3mo instalar un Cargador de coche el\u00e9ctrico?\t\t\t<\/a>\n\t\t<\/h2>\n\t\t\t\t<div class=\"elementor-post__excerpt\">\n\t\t\t<p>La popularidad de los veh\u00edculos el\u00e9ctricos sigue en auge y es normal que cada vez m\u00e1s personas se interesen por instalar su propio cargador en casa o incluso en un parking comunitario. Este tipo de instalaci\u00f3n significa una gran ventaja en cuanto a comodidad y ahorro a largo plazo, y es<\/p>\n\t\t<\/div>\n\t\t\n\t\t<a class=\"elementor-post__read-more\" href=\"https:\/\/casaroset.com\/es\/como-instalar-un-cargador-de-coche-electrico\/\" aria-label=\"M\u00e1s informaci\u00f3n sobre \u00bfC\u00f3mo instalar un Cargador de coche el\u00e9ctrico?\" tabindex=\"-1\" >\n\t\t\t Leer m\u00e1s \u00bb\t\t<\/a>\n\n\t\t\t\t<\/div>\n\t\t\t\t<\/article>\n\t\t\t\t<article class=\"elementor-post elementor-grid-item post-32882 post type-post status-publish format-standard has-post-thumbnail hentry category-uncategorized-ca tag-aerotermia tag-co2 tag-consum tag-medi-ambient\">\n\t\t\t\t<a class=\"elementor-post__thumbnail__link\" href=\"https:\/\/casaroset.com\/es\/ventajas-y-beneficios-de-la-aerotermia\/\" tabindex=\"-1\" >\n\t\t\t<div class=\"elementor-post__thumbnail\"><img decoding=\"async\" width=\"300\" height=\"200\" data-src=\"https:\/\/casaroset.com\/wp-content\/uploads\/2025\/01\/ventajas-aerotermia-1-300x200.jpg\" class=\"attachment-medium size-medium wp-image-32888 lazyload\" alt=\"ventajas aerotermia\" data-srcset=\"https:\/\/casaroset.com\/wp-content\/uploads\/2025\/01\/ventajas-aerotermia-1-300x200.jpg 300w, https:\/\/casaroset.com\/wp-content\/uploads\/2025\/01\/ventajas-aerotermia-1-768x512.jpg 768w, https:\/\/casaroset.com\/wp-content\/uploads\/2025\/01\/ventajas-aerotermia-1-18x12.jpg 18w, https:\/\/casaroset.com\/wp-content\/uploads\/2025\/01\/ventajas-aerotermia-1.jpg 900w\" data-sizes=\"(max-width: 300px) 100vw, 300px\" src=\"data:image\/svg+xml;base64,PHN2ZyB3aWR0aD0iMSIgaGVpZ2h0PSIxIiB4bWxucz0iaHR0cDovL3d3dy53My5vcmcvMjAwMC9zdmciPjwvc3ZnPg==\" style=\"--smush-placeholder-width: 300px; --smush-placeholder-aspect-ratio: 300\/200;\" \/><\/div>\n\t\t<\/a>\n\t\t\t\t<div class=\"elementor-post__text\">\n\t\t\t\t<h2 class=\"elementor-post__title\">\n\t\t\t<a href=\"https:\/\/casaroset.com\/es\/ventajas-y-beneficios-de-la-aerotermia\/\" >\n\t\t\t\tVentajas y beneficios de la aerotermia\t\t\t<\/a>\n\t\t<\/h2>\n\t\t\t\t<div class=\"elementor-post__excerpt\">\n\t\t\t<p>La aerotermia se abre paso como una de las soluciones m\u00e1s innovadoras y eficientes como sistema energ\u00e9tico con distintos fines, tanto para hogares como para empresas. Y no es de extra\u00f1ar, este sistema funciona mediante energ\u00eda renovable, ofreciendo un importante ahorro energ\u00e9tico al tiempo que respeta el medio ambiente.<\/p>\n\t\t<\/div>\n\t\t\n\t\t<a class=\"elementor-post__read-more\" href=\"https:\/\/casaroset.com\/es\/ventajas-y-beneficios-de-la-aerotermia\/\" aria-label=\"M\u00e1s informaci\u00f3n sobre Ventajas y beneficios de la aerotermia\" tabindex=\"-1\" >\n\t\t\t Leer m\u00e1s \u00bb\t\t<\/a>\n\n\t\t\t\t<\/div>\n\t\t\t\t<\/article>\n\t\t\t\t<article class=\"elementor-post elementor-grid-item post-32828 post type-post status-publish format-standard has-post-thumbnail hentry category-calefaccio tag-aire-condicionat tag-consum\">\n\t\t\t\t<a class=\"elementor-post__thumbnail__link\" href=\"https:\/\/casaroset.com\/es\/aire-condicionat-amb-installacio-inclosa-per-al-maxim-confort\/\" tabindex=\"-1\" >\n\t\t\t<div class=\"elementor-post__thumbnail\"><img decoding=\"async\" width=\"300\" height=\"200\" data-src=\"https:\/\/casaroset.com\/wp-content\/uploads\/2024\/12\/aire-condicionado-300x200.jpg\" class=\"attachment-medium size-medium wp-image-32829 lazyload\" alt=\"aire acondicionado\" data-srcset=\"https:\/\/casaroset.com\/wp-content\/uploads\/2024\/12\/aire-condicionado-300x200.jpg 300w, https:\/\/casaroset.com\/wp-content\/uploads\/2024\/12\/aire-condicionado-1024x682.jpg 1024w, https:\/\/casaroset.com\/wp-content\/uploads\/2024\/12\/aire-condicionado-768x512.jpg 768w, https:\/\/casaroset.com\/wp-content\/uploads\/2024\/12\/aire-condicionado-1536x1024.jpg 1536w, https:\/\/casaroset.com\/wp-content\/uploads\/2024\/12\/aire-condicionado-18x12.jpg 18w, https:\/\/casaroset.com\/wp-content\/uploads\/2024\/12\/aire-condicionado.jpg 2000w\" data-sizes=\"(max-width: 300px) 100vw, 300px\" src=\"data:image\/svg+xml;base64,PHN2ZyB3aWR0aD0iMSIgaGVpZ2h0PSIxIiB4bWxucz0iaHR0cDovL3d3dy53My5vcmcvMjAwMC9zdmciPjwvc3ZnPg==\" style=\"--smush-placeholder-width: 300px; --smush-placeholder-aspect-ratio: 300\/200;\" \/><\/div>\n\t\t<\/a>\n\t\t\t\t<div class=\"elementor-post__text\">\n\t\t\t\t<h2 class=\"elementor-post__title\">\n\t\t\t<a href=\"https:\/\/casaroset.com\/es\/aire-condicionat-amb-installacio-inclosa-per-al-maxim-confort\/\" >\n\t\t\t\tAire acondicionado con instalaci\u00f3n incluida para el m\u00e1ximo confort\t\t\t<\/a>\n\t\t<\/h2>\n\t\t\t\t<div class=\"elementor-post__excerpt\">\n\t\t\t<p>En los meses m\u00e1s calurosos, contar con un aire acondicionado no es un lujo, sino una necesidad. Pero no se trata s\u00f3lo de ir a la tienda y comprar el aparato que m\u00e1s te guste. \u00bfQu\u00e9 ocurre cuando necesitas algo m\u00e1s que el equipo? En Casa Roset te ofrecemos la soluci\u00f3n perfecta: un aire<\/p>\n\t\t<\/div>\n\t\t\n\t\t<a class=\"elementor-post__read-more\" href=\"https:\/\/casaroset.com\/es\/aire-condicionat-amb-installacio-inclosa-per-al-maxim-confort\/\" aria-label=\"M\u00e1s informaci\u00f3n sobre Aire acondicionado con instalaci\u00f3n incluida para el m\u00e1ximo confort\" tabindex=\"-1\" >\n\t\t\t Leer m\u00e1s \u00bb\t\t<\/a>\n\n\t\t\t\t<\/div>\n\t\t\t\t<\/article>\n\t\t\t\t<article class=\"elementor-post elementor-grid-item post-33188 post type-post status-publish format-standard has-post-thumbnail hentry category-uncategorized-ca\">\n\t\t\t\t<a class=\"elementor-post__thumbnail__link\" href=\"https:\/\/casaroset.com\/es\/serveis-installacions-a-vilanova-i-la-geltru\/\" tabindex=\"-1\" >\n\t\t\t<div class=\"elementor-post__thumbnail\"><img decoding=\"async\" width=\"300\" height=\"169\" data-src=\"https:\/\/casaroset.com\/wp-content\/uploads\/2024\/11\/Diseno-sin-titulo-3-300x169.jpg\" class=\"attachment-medium size-medium wp-image-32565 lazyload\" alt=\"Casa Roset instaladores profesionales\" data-srcset=\"https:\/\/casaroset.com\/wp-content\/uploads\/2024\/11\/Diseno-sin-titulo-3-300x169.jpg 300w, https:\/\/casaroset.com\/wp-content\/uploads\/2024\/11\/Diseno-sin-titulo-3-1024x576.jpg 1024w, https:\/\/casaroset.com\/wp-content\/uploads\/2024\/11\/Diseno-sin-titulo-3-768x432.jpg 768w, https:\/\/casaroset.com\/wp-content\/uploads\/2024\/11\/Diseno-sin-titulo-3-1536x864.jpg 1536w, https:\/\/casaroset.com\/wp-content\/uploads\/2024\/11\/Diseno-sin-titulo-3.jpg 1920w\" data-sizes=\"(max-width: 300px) 100vw, 300px\" src=\"data:image\/svg+xml;base64,PHN2ZyB3aWR0aD0iMSIgaGVpZ2h0PSIxIiB4bWxucz0iaHR0cDovL3d3dy53My5vcmcvMjAwMC9zdmciPjwvc3ZnPg==\" style=\"--smush-placeholder-width: 300px; --smush-placeholder-aspect-ratio: 300\/169;\" \/><\/div>\n\t\t<\/a>\n\t\t\t\t<div class=\"elementor-post__text\">\n\t\t\t\t<h2 class=\"elementor-post__title\">\n\t\t\t<a href=\"https:\/\/casaroset.com\/es\/serveis-installacions-a-vilanova-i-la-geltru\/\" >\n\t\t\t\tServicios de Instalaciones en Vilanova i la Geltr\u00fa - Fontaner\u00eda, Electricidad, Gas y Climatizaci\u00f3n\t\t\t<\/a>\n\t\t<\/h2>\n\t\t\t\t<div class=\"elementor-post__excerpt\">\n\t\t\t<p>Tu Empresa de Instalaciones y Reparaciones en Vilanova i la Geltr\u00fa \u00bfBuscas un servicio profesional y de confianza para la instalaci\u00f3n o reparaci\u00f3n de electricidad, fontaner\u00eda, gas, climatizaci\u00f3n o energ\u00edas renovables en Vilanova i la Geltr\u00fa? En Casa Roset, llevamos m\u00e1s de 90 a\u00f1os ofreciendo soluciones eficientes para hogares,<\/p>\n\t\t<\/div>\n\t\t\n\t\t<a class=\"elementor-post__read-more\" href=\"https:\/\/casaroset.com\/es\/serveis-installacions-a-vilanova-i-la-geltru\/\" aria-label=\"M\u00e1s informaci\u00f3n sobre Servicios de Instalaciones en Vilanova i la Geltr\u00fa \u2013 Fontaner\u00eda, Electricidad, Gas y Climatizaci\u00f3n\" tabindex=\"-1\" >\n\t\t\t Leer m\u00e1s \u00bb\t\t<\/a>\n\n\t\t\t\t<\/div>\n\t\t\t\t<\/article>\n\t\t\t\t<article class=\"elementor-post elementor-grid-item post-33179 post type-post status-publish format-standard has-post-thumbnail hentry category-uncategorized-ca\">\n\t\t\t\t<a class=\"elementor-post__thumbnail__link\" href=\"https:\/\/casaroset.com\/es\/fontanero-vilanovailageltru\/\" tabindex=\"-1\" >\n\t\t\t<div class=\"elementor-post__thumbnail\"><img decoding=\"async\" width=\"300\" height=\"169\" data-src=\"https:\/\/casaroset.com\/wp-content\/uploads\/2025\/02\/Anadir-un-titulo-300x169.jpg\" class=\"attachment-medium size-medium wp-image-33180 lazyload\" alt=\"Fontaner\u00eda en Vilanova i la Geltr\u00fa\" data-srcset=\"https:\/\/casaroset.com\/wp-content\/uploads\/2025\/02\/Anadir-un-titulo-300x169.jpg 300w, https:\/\/casaroset.com\/wp-content\/uploads\/2025\/02\/Anadir-un-titulo-1024x576.jpg 1024w, https:\/\/casaroset.com\/wp-content\/uploads\/2025\/02\/Anadir-un-titulo-768x432.jpg 768w, https:\/\/casaroset.com\/wp-content\/uploads\/2025\/02\/Anadir-un-titulo-1536x864.jpg 1536w, https:\/\/casaroset.com\/wp-content\/uploads\/2025\/02\/Anadir-un-titulo-18x10.jpg 18w, https:\/\/casaroset.com\/wp-content\/uploads\/2025\/02\/Anadir-un-titulo.jpg 1920w\" data-sizes=\"(max-width: 300px) 100vw, 300px\" src=\"data:image\/svg+xml;base64,PHN2ZyB3aWR0aD0iMSIgaGVpZ2h0PSIxIiB4bWxucz0iaHR0cDovL3d3dy53My5vcmcvMjAwMC9zdmciPjwvc3ZnPg==\" style=\"--smush-placeholder-width: 300px; --smush-placeholder-aspect-ratio: 300\/169;\" \/><\/div>\n\t\t<\/a>\n\t\t\t\t<div class=\"elementor-post__text\">\n\t\t\t\t<h2 class=\"elementor-post__title\">\n\t\t\t<a href=\"https:\/\/casaroset.com\/es\/fontanero-vilanovailageltru\/\" >\n\t\t\t\tFontanero en Vilanova i la Geltr\u00fa \u2013 Servicios Profesionales para Hogares y Empresas\t\t\t<\/a>\n\t\t<\/h2>\n\t\t\t\t<div class=\"elementor-post__excerpt\">\n\t\t\t<p>En Casa Roset, ofrecemos un servicio integral de fontaner\u00eda en Vilanova y la Geltr\u00fa con m\u00e1s de 80 a\u00f1os de experiencia en el sector. Nuestro equipo de fontaneros certificados est\u00e1 preparado para atender cualquier tipo de instalaci\u00f3n, reparaci\u00f3n o mantenimiento de sistemas de agua, tanto en viviendas como en negocios<\/p>\n\t\t<\/div>\n\t\t\n\t\t<a class=\"elementor-post__read-more\" href=\"https:\/\/casaroset.com\/es\/fontanero-vilanovailageltru\/\" aria-label=\"M\u00e1s informaci\u00f3n sobre Fontanero en Vilanova i la Geltr\u00fa \u2013 Servicios Profesionales para Hogares y Empresas\" tabindex=\"-1\" >\n\t\t\t Leer m\u00e1s \u00bb\t\t<\/a>\n\n\t\t\t\t<\/div>\n\t\t\t\t<\/article>\n\t\t\t\t<\/div>\n\t\t\n\t\t\t\t<div class=\"e-load-more-anchor\" data-page=\"1\" data-max-page=\"3\" data-next-page=\"https:\/\/casaroset.com\/es\/wp-json\/wp\/v2\/pages\/32834\/page\/2\/\"><\/div>\n\t\t\t\t<nav class=\"elementor-pagination\" aria-label=\"Paginaci\u00f3n\">\n\t\t\t<span aria-current=\"page\" class=\"page-numbers current\"><span class=\"elementor-screen-only\">P\u00e1gina<\/span>1<\/span>\n<a class=\"page-numbers\" href=\"https:\/\/casaroset.com\/es\/wp-json\/wp\/v2\/pages\/32834\/page\/2\/\"><span class=\"elementor-screen-only\">P\u00e1gina<\/span>2<\/a>\n<a class=\"page-numbers\" href=\"https:\/\/casaroset.com\/es\/wp-json\/wp\/v2\/pages\/32834\/page\/3\/\"><span class=\"elementor-screen-only\">P\u00e1gina<\/span>3<\/a>\t\t<\/nav>\n\t\t\t\t\t\t<\/div>\n\t\t\t\t<\/div>\n\t\t\t\t\t<\/div>\n\t\t\t\t<\/div>\n\t\t\t\t<\/div>","protected":false},"excerpt":{"rendered":"<p>Blog<\/p>","protected":false},"author":3,"featured_media":0,"parent":0,"menu_order":0,"comment_status":"closed","ping_status":"closed","template":"elementor_header_footer","meta":{"inline_featured_image":false,"footnotes":""},"class_list":["post-32834","page","type-page","status-publish","hentry"],"_links":{"self":[{"href":"https:\/\/casaroset.com\/es\/wp-json\/wp\/v2\/pages\/32834","targetHints":{"allow":["GET"]}}],"collection":[{"href":"https:\/\/casaroset.com\/es\/wp-json\/wp\/v2\/pages"}],"about":[{"href":"https:\/\/casaroset.com\/es\/wp-json\/wp\/v2\/types\/page"}],"author":[{"embeddable":true,"href":"https:\/\/casaroset.com\/es\/wp-json\/wp\/v2\/users\/3"}],"replies":[{"embeddable":true,"href":"https:\/\/casaroset.com\/es\/wp-json\/wp\/v2\/comments?post=32834"}],"version-history":[{"count":25,"href":"https:\/\/casaroset.com\/es\/wp-json\/wp\/v2\/pages\/32834\/revisions"}],"predecessor-version":[{"id":32863,"href":"https:\/\/casaroset.com\/es\/wp-json\/wp\/v2\/pages\/32834\/revisions\/32863"}],"wp:attachment":[{"href":"https:\/\/casaroset.com\/es\/wp-json\/wp\/v2\/media?parent=32834"}],"curies":[{"name":"wp","href":"https:\/\/api.w.org\/{rel}","templated":true}]}}