{"id":32620,"date":"2024-11-12T16:54:22","date_gmt":"2024-11-12T15:54:22","guid":{"rendered":"https:\/\/casaroset.com\/?page_id=32620"},"modified":"2025-01-27T08:15:51","modified_gmt":"2025-01-27T07:15:51","slug":"politica-de-cookies","status":"publish","type":"page","link":"https:\/\/casaroset.com\/es\/politica-de-cookies\/","title":{"rendered":"Pol\u00edtica de cookies"},"content":{"rendered":"<div data-elementor-type=\"wp-page\" data-elementor-id=\"32620\" class=\"elementor elementor-32620\" data-elementor-post-type=\"page\">\n\t\t\t\t<div class=\"elementor-element elementor-element-2eb3884 e-con-full e-flex e-con e-parent\" data-id=\"2eb3884\" data-element_type=\"container\" data-e-type=\"container\">\n\t\t\t\t<div class=\"elementor-element elementor-element-b0df0ed elementor-widget elementor-widget-heading\" data-id=\"b0df0ed\" data-element_type=\"widget\" data-e-type=\"widget\" data-widget_type=\"heading.default\">\n\t\t\t\t<div class=\"elementor-widget-container\">\n\t\t\t\t\t<h1 class=\"elementor-heading-title elementor-size-default\">Pol\u00edtica de cookies<\/h1>\t\t\t\t<\/div>\n\t\t\t\t<\/div>\n\t\t\t\t<div class=\"elementor-element elementor-element-aadb326 elementor-widget elementor-widget-text-editor\" data-id=\"aadb326\" data-element_type=\"widget\" data-e-type=\"widget\" data-widget_type=\"text-editor.default\">\n\t\t\t\t<div class=\"elementor-widget-container\">\n\t\t\t\t\t\t\t\t\t<p>CASA ROSET SL., a trav\u00e9s del presente documento, recoge su Pol\u00edtica de recogida y tratamiento de cookies, en cumplimiento de lo dispuesto en el art\u00edculo de la Ley 34\/2002, de 11 de julio, de Servicios de la Sociedad de la Informaci\u00f3n y Comercio Electr\u00f3nico (LSSICE).<\/p><p>Las cookies se almacenan en el equipo terminal del usuario (ordenador o dispositivo m\u00f3vil) y recopilan informaci\u00f3n al visitar la p\u00e1gina web www.casaroset.com\/, con el fin de mejorar su usabilidad, conocer sus h\u00e1bitos o necesidades de navegaci\u00f3n de los usuarios para poder adaptarse a ellos, as\u00ed como obtener informaci\u00f3n con fines estad\u00edsticos.<\/p><p>En el caso de aquellos usuarios que ya sean clientes de SL., la informaci\u00f3n recogida con las cookies servir\u00e1 tambi\u00e9n para su identificaci\u00f3n al acceder a las diferentes herramientas que CASA ROSET SL pone a su disposici\u00f3n para la gesti\u00f3n de los servicios. .Esta Pol\u00edtica de Cookies ser\u00e1 aplicable a aquellos usuarios que voluntariamente visiten las p\u00e1ginas web de CASA ROSET SL., rellenan formularios de recogida de datos, acceden a las herramientas que SL pone a disposici\u00f3n de los mismos. sus clientes para gestionar sus servicios, o utilizan cualquier otro servicio presente en el sitio web que implique la comunicaci\u00f3n de datos a SL., o el acceso a datos por SL., para la prestaci\u00f3n de sus servicios.<\/p><p>CASA ROSET SL. informa a los usuarios de sus p\u00e1ginas web, de la existencia de cookies y pone a su disposici\u00f3n esta Pol\u00edtica con el fin de informarles sobre el uso y objeto de las mismas. Continuar la navegaci\u00f3n a trav\u00e9s de sus p\u00e1ginas supone el conocimiento y aceptaci\u00f3n de la presente Pol\u00edtica por parte de los usuarios.<\/p><p>CASA ROSET SL. utiliza los siguientes tipos de cookies:<\/p><p>Clasificadas por la titularidad:<\/p><p>*Cookies propias: enviadas y gestionadas directamente por CASA ROSET SL.<\/p><p>*Cookies de terceros: enviadas y gestionadas por un tercero ajeno a CASA ROSET SL., de forma an\u00f3nima, con el fin de realizar estudios estad\u00edsticos de navegaci\u00f3n por las p\u00e1ginas web de CASA ROSET SL.<\/p><p>Clasificadas por la finalidad:<\/p><p>Adecuaci\u00f3n Web LOPD - LSSICE<\/p><p>Cookies t\u00e9cnicas y\/o de personalizaci\u00f3n: facilitan la navegaci\u00f3n, al identificar la sesi\u00f3n, permitir el acceso a herramientas de acceso restringido, adem\u00e1s de configurar a medida las opciones disponibles. Posibilitan la prestaci\u00f3n del servicio solicitado previamente por el usuario.<\/p><p>Cookies de an\u00e1lisis y\/o publicidad: permiten conocer el n\u00famero de visitas recibidas en las diferentes secciones de las p\u00e1ginas web, los h\u00e1bitos y tendencias de sus usuarios y, en consecuencia, poder mejorar la navegaci\u00f3n y el servicio ofrecido por CASA ROSET SL. (fundamentalmente, Google Analytics), as\u00ed como gestionar los espacios publicitarios incluidos en la p\u00e1gina web visitada por el usuario. Recopila datos de forma an\u00f3nima con el fin de obtener perfiles de navegaci\u00f3n de los usuarios.<\/p><p>Clasificadas por la duraci\u00f3n:<\/p><p>Cookies de sesi\u00f3n: recogen y almacenan los datos mientras el usuario accede a la p\u00e1gina web. Cookies persistentes: recogen y almacenan los datos en el terminal del usuario durante un per\u00edodo de tiempo variable en funci\u00f3n de cual sea la finalidad para la que han sido utilizadas.<\/p><p>El tiempo de conservaci\u00f3n de las cookies depender\u00e1 del tipo de que se trate y ser\u00e1 siempre el m\u00ednimo indispensable para cumplir su finalidad.<\/p><p>En cualquier caso, los usuarios pueden configurar su navegador, de forma que se deshabilite o bloquee la recepci\u00f3n de todas o algunas de las cookies. El no desear recibir estas cookies, no constituye un impedimento para poder acceder a la informaci\u00f3n de los sitios web de CASA ROSET SL aunque el uso de algunos servicios podr\u00e1 ser limitado.<\/p><p>Si una vez otorgado el consentimiento para la recepci\u00f3n de cookies, se desea retirar \u00e9ste, se tendr\u00e1n que eliminar aquellas almacenadas en el equipo del usuario, a trav\u00e9s de las opciones de los diferentes navegadores.<\/p><p>La forma de configurar los distintos navegadores para ejercitar las acciones se\u00f1aladas en los p\u00e1rrafos anteriores, se puede consultar en:<\/p><ul><li>Explorer:\u00a0<a href=\"https:\/\/support.microsoft.com\/en-us\/windows\/delete-and-manage-cookies-168dab11-0753-043d-7c16-ede5947fc64d\" target=\"_blank\" rel=\"noopener\">https:\/\/support.microsoft.com\/en-us\/windows\/delete-and-manage-cookies-168dab11-0753-043d-7c16-ede5947fc64d<\/a><\/li><li>Chrome:\u00a0<a href=\"https:\/\/support.google.com\/chrome\/answer\/95647?hl=es-419&amp;co=GENIE.Platform%3DDesktop\" target=\"_blank\" rel=\"noopener\">https:\/\/support.google.com\/chrome\/answer\/95647?hl=es-419&amp;co=GENIE.Platform%3DDesktop<\/a><\/li><li>Firefox:\u00a0<a href=\"https:\/\/support.mozilla.org\/es\/kb\/habilitar-y-deshabilitar-cookies-sitios-web-rastrear-preferencias\" target=\"_blank\" rel=\"noopener\">https:\/\/support.mozilla.org\/es\/kb\/habilitar-y-deshabilitar-cookies-sitios-web-rastrear-preferencias<\/a><\/li><li>Opera:\u00a0<a href=\"https:\/\/allaboutcookies.org\/es-administrar-las-cookies-en-opera\" target=\"_blank\" rel=\"noopener\">https:\/\/allaboutcookies.org\/es-administrar-las-cookies-en-opera<\/a><\/li><li>Safari:\u00a0<a href=\"https:\/\/www.apple.com\/legal\/privacy\/es\/cookies\/\" target=\"_blank\" rel=\"noopener\">https:\/\/www.apple.com\/legal\/privacy\/es\/cookies\/<\/a><\/li><\/ul>\t\t\t\t\t\t\t\t<\/div>\n\t\t\t\t<\/div>\n\t\t\t\t<\/div>\n\t\t\t\t<\/div>","protected":false},"excerpt":{"rendered":"<p>Pol\u00edtica de cookies CASA ROSET SL., a trav\u00e9s del present document, recull la seva Pol\u00edtica de recollida i tractament de cookies, en compliment del que disposa l\u2019article de la Llei 34\/2002, d\u201911 de juliol, de Serveis de la Societat de la Informaci\u00f3 i de Comer\u00e7 Electr\u00f2nic (LSSICE). Les cookies s\u2019emmagatzemen a l\u2019equip terminal de l\u2019usuari [&hellip;]<\/p>\n","protected":false},"author":3,"featured_media":0,"parent":0,"menu_order":0,"comment_status":"closed","ping_status":"closed","template":"","meta":{"inline_featured_image":false,"footnotes":""},"class_list":["post-32620","page","type-page","status-publish","hentry"],"_links":{"self":[{"href":"https:\/\/casaroset.com\/es\/wp-json\/wp\/v2\/pages\/32620","targetHints":{"allow":["GET"]}}],"collection":[{"href":"https:\/\/casaroset.com\/es\/wp-json\/wp\/v2\/pages"}],"about":[{"href":"https:\/\/casaroset.com\/es\/wp-json\/wp\/v2\/types\/page"}],"author":[{"embeddable":true,"href":"https:\/\/casaroset.com\/es\/wp-json\/wp\/v2\/users\/3"}],"replies":[{"embeddable":true,"href":"https:\/\/casaroset.com\/es\/wp-json\/wp\/v2\/comments?post=32620"}],"version-history":[{"count":8,"href":"https:\/\/casaroset.com\/es\/wp-json\/wp\/v2\/pages\/32620\/revisions"}],"predecessor-version":[{"id":33073,"href":"https:\/\/casaroset.com\/es\/wp-json\/wp\/v2\/pages\/32620\/revisions\/33073"}],"wp:attachment":[{"href":"https:\/\/casaroset.com\/es\/wp-json\/wp\/v2\/media?parent=32620"}],"curies":[{"name":"wp","href":"https:\/\/api.w.org\/{rel}","templated":true}]}}