{"id":32612,"date":"2024-11-12T16:52:05","date_gmt":"2024-11-12T15:52:05","guid":{"rendered":"https:\/\/casaroset.com\/?page_id=32612"},"modified":"2025-01-27T08:15:44","modified_gmt":"2025-01-27T07:15:44","slug":"aviso-legal","status":"publish","type":"page","link":"https:\/\/casaroset.com\/es\/avis-legal\/","title":{"rendered":"Aviso legal"},"content":{"rendered":"<div data-elementor-type=\"wp-page\" data-elementor-id=\"32612\" class=\"elementor elementor-32612\" data-elementor-post-type=\"page\">\n\t\t\t\t<div class=\"elementor-element elementor-element-b5cf22a e-con-full e-flex e-con e-parent\" data-id=\"b5cf22a\" data-element_type=\"container\" data-e-type=\"container\">\n\t\t\t\t<div class=\"elementor-element elementor-element-be90a3c elementor-widget elementor-widget-heading\" data-id=\"be90a3c\" data-element_type=\"widget\" data-e-type=\"widget\" data-widget_type=\"heading.default\">\n\t\t\t\t<div class=\"elementor-widget-container\">\n\t\t\t\t\t<h1 class=\"elementor-heading-title elementor-size-default\">Aviso legal<\/h1>\t\t\t\t<\/div>\n\t\t\t\t<\/div>\n\t\t\t\t<div class=\"elementor-element elementor-element-3a542a6 elementor-widget elementor-widget-text-editor\" data-id=\"3a542a6\" data-element_type=\"widget\" data-e-type=\"widget\" data-widget_type=\"text-editor.default\">\n\t\t\t\t<div class=\"elementor-widget-container\">\n\t\t\t\t\t\t\t\t\t<p>En cumplimiento del art\u00edculo 10 de la Ley 34\/2002, de 11 de julio, de Servicios de la Sociedad de la Informaci\u00f3n y Comercio Electr\u00f3nico (LSSICE) a continuaci\u00f3n se detallan los datos identificativos de la empresa:<\/p><p>Raz\u00f3n social: CASA ROSET SL CIF: B08608366<\/p><p>Direcci\u00f3n: C\/RECREO 65 08800 \u2013 VILANOVA Y LA GELTRU \u2013 BARCELONA<\/p><p>Tel\u00e9fono: 938936011<\/p><p>Email: casarosetsa@casaroset.com<\/p><h3>INSCRIPCI\u00d3N REGISTRAL<\/h3><p>Aqu\u00ed debe introducir los datos de inscripci\u00f3n registral de la empresa (tomo, folio, secci\u00f3n, hoja).<\/p><h3>FINALIDAD DE LA P\u00c1GINA WEB<\/h3><p>La finalidad de la p\u00e1gina web es publicar los diferentes servicios de instalaciones y mantenimiento que ofrece Casa Roset, tanto dirigidos a particulares, como administradores de fincas y empresas. su \u00e1mbito.<\/p><p>Este aviso legal (en adelante, el &ldquo;Aviso Legal&rdquo;) regula el uso del sitio web: &lt;a href=&quot;\/es\/&rdquo;https:\/\/casaroset.com\/&rdquo;\/&quot;&gt;casaroset.com&lt;\/a&gt;<\/p><h3>LEGISLACI\u00d3N<\/h3><p>Con car\u00e1cter general, las relaciones entre CASA ROSET SL con los Usuarios de sus servicios telem\u00e1ticos, presentes en este sitio web, se encuentran sometidas a la legislaci\u00f3n y jurisdicci\u00f3n espa\u00f1olas.<\/p><h3>USO Y ACCESO DE USUARIOS<\/h3><p>El Usuario queda informado, y acepta, que el acceso a la presente web no supone, en modo alguno, el inicio de una relaci\u00f3n comercial con CASA ROSET SL o cualquiera de sus delegaciones.<\/p><h3>PROPIEDAD INTELECTUAL E INDUSTRIAL<\/h3><p>Los derechos de propiedad intelectual del contenido de las p\u00e1ginas Web, su dise\u00f1o gr\u00e1fico y c\u00f3digos son titularidad de CASA ROSET SL. y, por tanto, queda prohibida su reproducci\u00f3n, distribuci\u00f3n, comunicaci\u00f3n p\u00fablica, transformaci\u00f3n o cualquier otra actividad que se pueda realizar con los contenidos de sus p\u00e1ginas web ni incluso citando las fuentes, salvo consentimiento por escrito de CASA ROSET SL.<\/p><h3>CONTENIDO DE LA WEB Y ENLACES (LINKS)<\/h3><p>CASA ROSET SL se reserva el derecho a actualizar, modificar o eliminar la informaci\u00f3n contenida en sus p\u00e1ginas web pudiendo incluso limitar o no permitir el acceso a esa informaci\u00f3n a ciertos usuarios.<\/p><p>CASA ROSET SL no asume responsabilidad alguna por la informaci\u00f3n contenida en p\u00e1ginas web de terceros a las que se pueda acceder por \u201clinks\u201d o enlaces desde cualquier p\u00e1gina web propiedad de CASA ROSET SL. La presencia de &quot;links&quot; o enlaces a las p\u00e1ginas web de CASA ROSET<\/p><h3>Adecuaci\u00f3n Web LOPD - LSSICE<\/h3><p>SA tiene finalidad meramente informativa y en ning\u00fan caso supone sugerencia, invitaci\u00f3n o recomendaci\u00f3n sobre las mismas.<\/p>\t\t\t\t\t\t\t\t<\/div>\n\t\t\t\t<\/div>\n\t\t\t\t<\/div>\n\t\t\t\t<\/div>","protected":false},"excerpt":{"rendered":"<p>Av\u00eds legal En compliment de l\u2019article 10 de la Llei 34\/2002, d\u201911 de juliol, de Serveis de la Societat de la Informaci\u00f3 i Comer\u00e7 Electr\u00f2nic (LSSICE) a continuaci\u00f3 es detallen les dades identificatives de l\u2019empresa: Ra\u00f3 social: CASA ROSET SL CIF: B08608366 Direcci\u00f3: C\/RECREO 65 08800 \u2013 VILANOVA I LA GELTRU \u2013 BARCELONA Tel\u00e8fon: 938936011 [&hellip;]<\/p>\n","protected":false},"author":3,"featured_media":0,"parent":0,"menu_order":0,"comment_status":"closed","ping_status":"closed","template":"","meta":{"inline_featured_image":false,"footnotes":""},"class_list":["post-32612","page","type-page","status-publish","hentry"],"_links":{"self":[{"href":"https:\/\/casaroset.com\/es\/wp-json\/wp\/v2\/pages\/32612","targetHints":{"allow":["GET"]}}],"collection":[{"href":"https:\/\/casaroset.com\/es\/wp-json\/wp\/v2\/pages"}],"about":[{"href":"https:\/\/casaroset.com\/es\/wp-json\/wp\/v2\/types\/page"}],"author":[{"embeddable":true,"href":"https:\/\/casaroset.com\/es\/wp-json\/wp\/v2\/users\/3"}],"replies":[{"embeddable":true,"href":"https:\/\/casaroset.com\/es\/wp-json\/wp\/v2\/comments?post=32612"}],"version-history":[{"count":8,"href":"https:\/\/casaroset.com\/es\/wp-json\/wp\/v2\/pages\/32612\/revisions"}],"predecessor-version":[{"id":33067,"href":"https:\/\/casaroset.com\/es\/wp-json\/wp\/v2\/pages\/32612\/revisions\/33067"}],"wp:attachment":[{"href":"https:\/\/casaroset.com\/es\/wp-json\/wp\/v2\/media?parent=32612"}],"curies":[{"name":"wp","href":"https:\/\/api.w.org\/{rel}","templated":true}]}}